{"id":347,"date":"2025-06-02T06:01:34","date_gmt":"2025-06-02T06:01:34","guid":{"rendered":"https:\/\/dev.expelio.com\/index.php\/kotakt-2\/"},"modified":"2026-03-18T15:51:24","modified_gmt":"2026-03-18T15:51:24","slug":"kotakt","status":"publish","type":"page","link":"https:\/\/expelio.com\/index.php\/kotakt\/","title":{"rendered":"KOTAKT"},"content":{"rendered":"\t\t<div data-elementor-type=\"wp-page\" data-elementor-id=\"347\" class=\"elementor elementor-347\">\n\t\t\t\t<div class=\"elementor-element elementor-element-20b8faa5 e-grid e-con-boxed e-con e-parent\" data-id=\"20b8faa5\" data-element_type=\"container\" data-e-type=\"container\" data-settings=\"{&quot;background_background&quot;:&quot;classic&quot;}\">\n\t\t\t\t\t<div class=\"e-con-inner\">\n\t\t<div class=\"elementor-element elementor-element-b1078b8 e-flex e-con-boxed e-con e-child\" data-id=\"b1078b8\" data-element_type=\"container\" data-e-type=\"container\">\n\t\t\t\t\t<div class=\"e-con-inner\">\n\t\t\t\t<div class=\"elementor-element elementor-element-b231d71 elementor-widget elementor-widget-spacer\" data-id=\"b231d71\" data-element_type=\"widget\" data-e-type=\"widget\" data-widget_type=\"spacer.default\">\n\t\t\t\t<div class=\"elementor-widget-container\">\n\t\t\t\t\t\t\t<div class=\"elementor-spacer\">\n\t\t\t<div class=\"elementor-spacer-inner\"><\/div>\n\t\t<\/div>\n\t\t\t\t\t\t<\/div>\n\t\t\t\t<\/div>\n\t\t\t\t<div class=\"elementor-element elementor-element-5567a9a elementor-widget elementor-widget-heading\" data-id=\"5567a9a\" data-element_type=\"widget\" data-e-type=\"widget\" data-widget_type=\"heading.default\">\n\t\t\t\t<div class=\"elementor-widget-container\">\n\t\t\t\t\t<h1 class=\"elementor-heading-title elementor-size-default\">Mache den ersten Schritt<\/h1>\t\t\t\t<\/div>\n\t\t\t\t<\/div>\n\t\t\t\t<div class=\"elementor-element elementor-element-1ccfc391 elementor-widget elementor-widget-spacer\" data-id=\"1ccfc391\" data-element_type=\"widget\" data-e-type=\"widget\" data-widget_type=\"spacer.default\">\n\t\t\t\t<div class=\"elementor-widget-container\">\n\t\t\t\t\t\t\t<div class=\"elementor-spacer\">\n\t\t\t<div class=\"elementor-spacer-inner\"><\/div>\n\t\t<\/div>\n\t\t\t\t\t\t<\/div>\n\t\t\t\t<\/div>\n\t\t\t\t<div class=\"elementor-element elementor-element-20cd5ce8 elementor-widget__width-initial elementor-widget elementor-widget-heading\" data-id=\"20cd5ce8\" data-element_type=\"widget\" data-e-type=\"widget\" data-widget_type=\"heading.default\">\n\t\t\t\t<div class=\"elementor-widget-container\">\n\t\t\t\t\t<h6 class=\"elementor-heading-title elementor-size-default\">Die l\u00e4ngste Reise beginnt mit dem ersten Schritt. Sende uns\neine Nachricht und finde heraus, wie wir deinen Traum von einer Reise nach\nS\u00fcdafrika in die Realit\u00e4t umsetzen k\u00f6nnen. <\/h6>\t\t\t\t<\/div>\n\t\t\t\t<\/div>\n\t\t\t\t<div class=\"elementor-element elementor-element-56bd50e4 elementor-widget elementor-widget-spacer\" data-id=\"56bd50e4\" data-element_type=\"widget\" data-e-type=\"widget\" data-widget_type=\"spacer.default\">\n\t\t\t\t<div class=\"elementor-widget-container\">\n\t\t\t\t\t\t\t<div class=\"elementor-spacer\">\n\t\t\t<div class=\"elementor-spacer-inner\"><\/div>\n\t\t<\/div>\n\t\t\t\t\t\t<\/div>\n\t\t\t\t<\/div>\n\t\t\t\t<div class=\"elementor-element elementor-element-1a83aa8d elementor-align-center elementor-widget elementor-widget-button\" data-id=\"1a83aa8d\" data-element_type=\"widget\" data-e-type=\"widget\" data-widget_type=\"button.default\">\n\t\t\t\t<div class=\"elementor-widget-container\">\n\t\t\t\t\t\t\t\t\t<div class=\"elementor-button-wrapper\">\n\t\t\t\t\t<a class=\"elementor-button elementor-button-link elementor-size-sm\" href=\"mailto:melanie@expelio.com\" id=\"book-now\">\n\t\t\t\t\t\t<span class=\"elementor-button-content-wrapper\">\n\t\t\t\t\t\t\t\t\t<span class=\"elementor-button-text\">KONTAKTIERE UNS<\/span>\n\t\t\t\t\t<\/span>\n\t\t\t\t\t<\/a>\n\t\t\t\t<\/div>\n\t\t\t\t\t\t\t\t<\/div>\n\t\t\t\t<\/div>\n\t\t\t\t\t<\/div>\n\t\t\t\t<\/div>\n\t\t\t\t\t<\/div>\n\t\t\t\t<\/div>\n\t\t<section class=\"elementor-element elementor-element-e9a0201 e-con-full e-flex e-con e-parent\" data-id=\"e9a0201\" data-element_type=\"container\" data-e-type=\"container\" data-settings=\"{&quot;background_background&quot;:&quot;classic&quot;}\">\n\t\t\t\t<div class=\"elementor-element elementor-element-9aca2a7 elementor-widget elementor-widget-html\" data-id=\"9aca2a7\" data-element_type=\"widget\" data-e-type=\"widget\" data-widget_type=\"html.default\">\n\t\t\t\t<div class=\"elementor-widget-container\">\n\t\t\t\t\t<div data-tf-live=\"01JX2XAENT9XZ4RK309HAD2RF9\"><\/div><script src=\"\/\/embed.typeform.com\/next\/embed.js\"><\/script>\t\t\t\t<\/div>\n\t\t\t\t<\/div>\n\t\t\t\t<\/section>\n\t\t<div class=\"elementor-element elementor-element-314d61c2 e-flex e-con-boxed e-con e-parent\" data-id=\"314d61c2\" data-element_type=\"container\" data-e-type=\"container\" data-settings=\"{&quot;background_background&quot;:&quot;classic&quot;}\">\n\t\t\t\t\t<div class=\"e-con-inner\">\n\t\t\t\t<div class=\"elementor-element elementor-element-baaa2c0 fluentform-widget-submit-button-center fluentform-widget-submit-button-center fluentform-widget-submit-button-custom elementor-widget elementor-widget-fluent-form-widget\" data-id=\"baaa2c0\" data-element_type=\"widget\" data-e-type=\"widget\" data-widget_type=\"fluent-form-widget.default\">\n\t\t\t\t<div class=\"elementor-widget-container\">\n\t\t\t\t\t\n            <div class=\"fluentform-widget-wrapper hide-fluent-form-labels fluentform-widget-custom-radio-checkbox fluentform-widget-align-left\">\n\n                            <div class=\"fluentform-widget-heading\">\n                                        <h3 class=\"fluentform-widget-title\">\n                        Du hast Fragen?                    <\/h3>\n                                                            <p class=\"fluentform-widget-description\">\n                        Sende uns eine kurze Nachricht und wir kommen auf dich zur\u00fcck!\n\n                    <\/p>\n                                    <\/div>\n            \n            <div class='fluentform ff-default fluentform_wrapper_3 ffs_default_wrap'><form data-form_id=\"3\" id=\"fluentform_3\" class=\"frm-fluent-form fluent_form_3 ff-el-form-top ff_form_instance_3_1 ff-form-loading ffs_default\" data-form_instance=\"ff_form_instance_3_1\" method=\"POST\" ><fieldset  style=\"border: none!important;margin: 0!important;padding: 0!important;background-color: transparent!important;box-shadow: none!important;outline: none!important; min-inline-size: 100%;\">\n                    <legend class=\"ff_screen_reader_title\" style=\"display: block; margin: 0!important;padding: 0!important;height: 0!important;text-indent: -999999px;width: 0!important;overflow:hidden;\">Blank Form (#5)<\/legend><input type='hidden' name='__fluent_form_embded_post_id' value='347' \/><input type=\"hidden\" id=\"_fluentform_3_fluentformnonce\" name=\"_fluentform_3_fluentformnonce\" value=\"9bbc9041ac\" \/><input type=\"hidden\" name=\"_wp_http_referer\" value=\"\/index.php\/wp-json\/wp\/v2\/pages\/347\" \/><div class='ff-el-group ff-el-form-hide_label'><div class=\"ff-el-input--label ff-el-is-required asterisk-right\"><label for='ff_3_input_text' id='label_ff_3_input_text' aria-label=\"Vor- &amp; Nachname\">Vor- &amp; Nachname<\/label><\/div><div class='ff-el-input--content'><input type=\"text\" name=\"input_text\" class=\"ff-el-form-control\" placeholder=\"Vor- &amp; Nachname\" data-name=\"input_text\" id=\"ff_3_input_text\"  aria-invalid=\"false\" aria-required=true><\/div><\/div><div class='ff-el-group ff-el-form-hide_label'><div class=\"ff-el-input--label asterisk-right\"><label for='ff_3_email' id='label_ff_3_email' aria-label=\"E-mail Adresse\">E-mail Adresse<\/label><\/div><div class='ff-el-input--content'><input type=\"email\" name=\"email\" id=\"ff_3_email\" class=\"ff-el-form-control\" placeholder=\"E-mail Adresse\" data-name=\"email\"  aria-invalid=\"false\" aria-required=false><\/div><\/div><div class='ff-el-group ff-el-form-hide_label'><div class=\"ff-el-input--label asterisk-right\"><label for='ff_3_numeric_field_1' id='label_ff_3_numeric_field_1' aria-label=\"Telefon (Optional)\">Telefon (Optional)<\/label><\/div><div class='ff-el-input--content'><input type=\"number\" name=\"numeric_field_1\" id=\"ff_3_numeric_field_1\" class=\"ff-el-form-control\" placeholder=\"Telefon (Optional)\" data-name=\"numeric_field_1\" inputmode=\"numeric\" step=\"any\"  aria-invalid=\"false\" aria-required=false><\/div><\/div><div class='ff-el-group ff-el-form-hide_label'><div class=\"ff-el-input--label asterisk-right\"><label for='ff_3_description' id='label_ff_3_description' aria-label=\"NACHRICHT\">NACHRICHT<\/label><\/div><div class='ff-el-input--content'><textarea aria-required=\"false\" aria-labelledby=\"label_ff_3_description\" name=\"description\" id=\"ff_3_description\" class=\"ff-el-form-control\" placeholder=\"NACHRICHT\" rows=\"5\" cols=\"1\" data-name=\"description\" ><\/textarea><\/div><\/div><div class='ff-el-group ff-text-left ff_submit_btn_wrapper'><button type=\"submit\" class=\"ff-btn ff-btn-submit ff-btn-md ff_btn_style wpf_has_custom_css\"  aria-label=\"NACHRICHT VERSEDEN\">NACHRICHT VERSEDEN<\/button><\/div><\/fieldset><\/form><div id='fluentform_3_errors' class='ff-errors-in-stack ff_form_instance_3_1 ff-form-loading_errors ff_form_instance_3_1_errors'><\/div><\/div>            <script type=\"text\/javascript\">\n                window.fluent_form_ff_form_instance_3_1 = {\"id\":\"3\",\"settings\":{\"layout\":{\"labelPlacement\":\"top\",\"asteriskPlacement\":\"asterisk-right\",\"helpMessagePlacement\":\"with_label\",\"errorMessagePlacement\":\"inline\",\"cssClassName\":\"\"},\"restrictions\":{\"denyEmptySubmission\":{\"enabled\":false}}},\"form_instance\":\"ff_form_instance_3_1\",\"form_id_selector\":\"fluentform_3\",\"rules\":{\"input_text\":{\"required\":{\"value\":true,\"message\":\"This field is required\",\"global_message\":\"This field is required\",\"global\":true}},\"email\":{\"required\":{\"value\":false,\"message\":\"This field is required\",\"global_message\":\"This field is required\",\"global\":true},\"email\":{\"value\":true,\"message\":\"This field must contain a valid email\",\"global_message\":\"This field must contain a valid email\",\"global\":true}},\"numeric_field_1\":{\"required\":{\"value\":false,\"message\":\"This field is required\",\"global_message\":\"This field is required\",\"global\":true},\"numeric\":{\"value\":true,\"message\":\"This field must contain numeric value\",\"global_message\":\"This field must contain numeric value\",\"global\":true},\"min\":{\"value\":\"\",\"message\":\"Validation fails for minimum value\",\"global_message\":\"Validation fails for minimum value\",\"global\":true},\"max\":{\"value\":\"\",\"message\":\"Validation fails for maximum value\",\"global_message\":\"Validation fails for maximum value\",\"global\":true},\"digits\":{\"value\":\"31\",\"message\":\"Validation fails for limited digits\",\"global_message\":\"Validation fails for limited digits\",\"global\":true}},\"description\":{\"required\":{\"value\":false,\"message\":\"This field is required\",\"global_message\":\"This field is required\",\"global\":true}}},\"debounce_time\":300};\n                            <\/script>\n                        <\/div>\n\n            \t\t\t\t<\/div>\n\t\t\t\t<\/div>\n\t\t\t\t\t<\/div>\n\t\t\t\t<\/div>\n\t\t\t\t<\/div>\n\t\t","protected":false},"excerpt":{"rendered":"<p>Mache den ersten Schritt Die l\u00e4ngste Reise beginnt mit dem ersten Schritt. Sende uns eine Nachricht und finde heraus, wie wir deinen Traum von einer Reise nach S\u00fcdafrika in die Realit\u00e4t umsetzen k\u00f6nnen. KONTAKTIERE UNS Du hast Fragen? Sende uns eine kurze Nachricht und wir kommen auf dich zur\u00fcck! Blank Form (#5) Vor- &amp; NachnameE-mail [&hellip;]<\/p>\n","protected":false},"author":1,"featured_media":0,"parent":0,"menu_order":0,"comment_status":"closed","ping_status":"closed","template":"","meta":{"footnotes":""},"class_list":["post-347","page","type-page","status-publish","hentry"],"yoast_head":"<!-- This site is optimized with the Yoast SEO plugin v27.2 - https:\/\/yoast.com\/product\/yoast-seo-wordpress\/ -->\n<title>KOTAKT - Expelio<\/title>\n<meta name=\"robots\" content=\"index, follow, max-snippet:-1, max-image-preview:large, max-video-preview:-1\" \/>\n<link rel=\"canonical\" href=\"https:\/\/expelio.com\/index.php\/kotakt\/\" \/>\n<meta property=\"og:locale\" content=\"en_US\" \/>\n<meta property=\"og:type\" content=\"article\" \/>\n<meta property=\"og:title\" content=\"KOTAKT - Expelio\" \/>\n<meta property=\"og:description\" content=\"Mache den ersten Schritt Die l\u00e4ngste Reise beginnt mit dem ersten Schritt. Sende uns eine Nachricht und finde heraus, wie wir deinen Traum von einer Reise nach S\u00fcdafrika in die Realit\u00e4t umsetzen k\u00f6nnen. KONTAKTIERE UNS Du hast Fragen? Sende uns eine kurze Nachricht und wir kommen auf dich zur\u00fcck! Blank Form (#5) Vor- &amp; NachnameE-mail [&hellip;]\" \/>\n<meta property=\"og:url\" content=\"https:\/\/expelio.com\/index.php\/kotakt\/\" \/>\n<meta property=\"og:site_name\" content=\"Expelio\" \/>\n<meta property=\"article:modified_time\" content=\"2026-03-18T15:51:24+00:00\" \/>\n<meta name=\"twitter:card\" content=\"summary_large_image\" \/>\n<script type=\"application\/ld+json\" class=\"yoast-schema-graph\">{\"@context\":\"https:\/\/schema.org\",\"@graph\":[{\"@type\":\"WebPage\",\"@id\":\"https:\/\/expelio.com\/index.php\/kotakt\/\",\"url\":\"https:\/\/expelio.com\/index.php\/kotakt\/\",\"name\":\"KOTAKT - Expelio\",\"isPartOf\":{\"@id\":\"https:\/\/expelio.com\/#website\"},\"datePublished\":\"2025-06-02T06:01:34+00:00\",\"dateModified\":\"2026-03-18T15:51:24+00:00\",\"breadcrumb\":{\"@id\":\"https:\/\/expelio.com\/index.php\/kotakt\/#breadcrumb\"},\"inLanguage\":\"en-US\",\"potentialAction\":[{\"@type\":\"ReadAction\",\"target\":[\"https:\/\/expelio.com\/index.php\/kotakt\/\"]}]},{\"@type\":\"BreadcrumbList\",\"@id\":\"https:\/\/expelio.com\/index.php\/kotakt\/#breadcrumb\",\"itemListElement\":[{\"@type\":\"ListItem\",\"position\":1,\"name\":\"Home\",\"item\":\"https:\/\/expelio.com\/\"},{\"@type\":\"ListItem\",\"position\":2,\"name\":\"KOTAKT\"}]},{\"@type\":\"WebSite\",\"@id\":\"https:\/\/expelio.com\/#website\",\"url\":\"https:\/\/expelio.com\/\",\"name\":\"Expelio\",\"description\":\"\",\"publisher\":{\"@id\":\"https:\/\/expelio.com\/#organization\"},\"potentialAction\":[{\"@type\":\"SearchAction\",\"target\":{\"@type\":\"EntryPoint\",\"urlTemplate\":\"https:\/\/expelio.com\/?s={search_term_string}\"},\"query-input\":{\"@type\":\"PropertyValueSpecification\",\"valueRequired\":true,\"valueName\":\"search_term_string\"}}],\"inLanguage\":\"en-US\"},{\"@type\":\"Organization\",\"@id\":\"https:\/\/expelio.com\/#organization\",\"name\":\"Expelio\",\"url\":\"https:\/\/expelio.com\/\",\"logo\":{\"@type\":\"ImageObject\",\"inLanguage\":\"en-US\",\"@id\":\"https:\/\/expelio.com\/#\/schema\/logo\/image\/\",\"url\":\"https:\/\/expelio.com\/wp-content\/uploads\/2025\/06\/Expelio-Logo-350-x-100-px.png\",\"contentUrl\":\"https:\/\/expelio.com\/wp-content\/uploads\/2025\/06\/Expelio-Logo-350-x-100-px.png\",\"width\":350,\"height\":100,\"caption\":\"Expelio\"},\"image\":{\"@id\":\"https:\/\/expelio.com\/#\/schema\/logo\/image\/\"}}]}<\/script>\n<!-- \/ Yoast SEO plugin. -->","yoast_head_json":{"title":"KOTAKT - Expelio","robots":{"index":"index","follow":"follow","max-snippet":"max-snippet:-1","max-image-preview":"max-image-preview:large","max-video-preview":"max-video-preview:-1"},"canonical":"https:\/\/expelio.com\/index.php\/kotakt\/","og_locale":"en_US","og_type":"article","og_title":"KOTAKT - Expelio","og_description":"Mache den ersten Schritt Die l\u00e4ngste Reise beginnt mit dem ersten Schritt. Sende uns eine Nachricht und finde heraus, wie wir deinen Traum von einer Reise nach S\u00fcdafrika in die Realit\u00e4t umsetzen k\u00f6nnen. KONTAKTIERE UNS Du hast Fragen? Sende uns eine kurze Nachricht und wir kommen auf dich zur\u00fcck! Blank Form (#5) Vor- &amp; NachnameE-mail [&hellip;]","og_url":"https:\/\/expelio.com\/index.php\/kotakt\/","og_site_name":"Expelio","article_modified_time":"2026-03-18T15:51:24+00:00","twitter_card":"summary_large_image","schema":{"@context":"https:\/\/schema.org","@graph":[{"@type":"WebPage","@id":"https:\/\/expelio.com\/index.php\/kotakt\/","url":"https:\/\/expelio.com\/index.php\/kotakt\/","name":"KOTAKT - Expelio","isPartOf":{"@id":"https:\/\/expelio.com\/#website"},"datePublished":"2025-06-02T06:01:34+00:00","dateModified":"2026-03-18T15:51:24+00:00","breadcrumb":{"@id":"https:\/\/expelio.com\/index.php\/kotakt\/#breadcrumb"},"inLanguage":"en-US","potentialAction":[{"@type":"ReadAction","target":["https:\/\/expelio.com\/index.php\/kotakt\/"]}]},{"@type":"BreadcrumbList","@id":"https:\/\/expelio.com\/index.php\/kotakt\/#breadcrumb","itemListElement":[{"@type":"ListItem","position":1,"name":"Home","item":"https:\/\/expelio.com\/"},{"@type":"ListItem","position":2,"name":"KOTAKT"}]},{"@type":"WebSite","@id":"https:\/\/expelio.com\/#website","url":"https:\/\/expelio.com\/","name":"Expelio","description":"","publisher":{"@id":"https:\/\/expelio.com\/#organization"},"potentialAction":[{"@type":"SearchAction","target":{"@type":"EntryPoint","urlTemplate":"https:\/\/expelio.com\/?s={search_term_string}"},"query-input":{"@type":"PropertyValueSpecification","valueRequired":true,"valueName":"search_term_string"}}],"inLanguage":"en-US"},{"@type":"Organization","@id":"https:\/\/expelio.com\/#organization","name":"Expelio","url":"https:\/\/expelio.com\/","logo":{"@type":"ImageObject","inLanguage":"en-US","@id":"https:\/\/expelio.com\/#\/schema\/logo\/image\/","url":"https:\/\/expelio.com\/wp-content\/uploads\/2025\/06\/Expelio-Logo-350-x-100-px.png","contentUrl":"https:\/\/expelio.com\/wp-content\/uploads\/2025\/06\/Expelio-Logo-350-x-100-px.png","width":350,"height":100,"caption":"Expelio"},"image":{"@id":"https:\/\/expelio.com\/#\/schema\/logo\/image\/"}}]}},"_links":{"self":[{"href":"https:\/\/expelio.com\/index.php\/wp-json\/wp\/v2\/pages\/347","targetHints":{"allow":["GET"]}}],"collection":[{"href":"https:\/\/expelio.com\/index.php\/wp-json\/wp\/v2\/pages"}],"about":[{"href":"https:\/\/expelio.com\/index.php\/wp-json\/wp\/v2\/types\/page"}],"author":[{"embeddable":true,"href":"https:\/\/expelio.com\/index.php\/wp-json\/wp\/v2\/users\/1"}],"replies":[{"embeddable":true,"href":"https:\/\/expelio.com\/index.php\/wp-json\/wp\/v2\/comments?post=347"}],"version-history":[{"count":21,"href":"https:\/\/expelio.com\/index.php\/wp-json\/wp\/v2\/pages\/347\/revisions"}],"predecessor-version":[{"id":4466,"href":"https:\/\/expelio.com\/index.php\/wp-json\/wp\/v2\/pages\/347\/revisions\/4466"}],"wp:attachment":[{"href":"https:\/\/expelio.com\/index.php\/wp-json\/wp\/v2\/media?parent=347"}],"curies":[{"name":"wp","href":"https:\/\/api.w.org\/{rel}","templated":true}]}}